{"id":16106,"date":"2015-09-07T14:56:01","date_gmt":"2015-09-07T12:56:01","guid":{"rendered":"https:\/\/towerconsult.de\/bewerberblog\/?page_id=16106"},"modified":"2016-12-08T13:29:35","modified_gmt":"2016-12-08T12:29:35","slug":"gastautor-werden","status":"publish","type":"page","link":"https:\/\/towerconsult.de\/bewerberblog\/gastautor-werden\/","title":{"rendered":"Gastautor werden"},"content":{"rendered":"<h2 style=\"font-size: 24px;\">Wie werde ich Gastautor f\u00fcr den Bewerberblog?<\/h2>\n<p>Um unsere Inhalte abwechslungsreich zu gestalten, lassen wir gern auch <a href=\"https:\/\/towerconsult.de\/bewerberblog\/2015\/06\/gastautor-ein-unattraktives-angebot\/\">andere Autoren<\/a> zu Wort kommen. Du hast:<\/p>\n<ul>\n<li>vielf\u00e4ltige Erfahrungen positiver oder negativer Art im Bewerbungsprozess gesammelt,<\/li>\n<li>ein neues Tool oder eine Plattform f\u00fcr deine Bewerbung\/Jobsuche genutzt, die du unbedingt weiterempfehlen m\u00f6chtest oder von deren Nutzung du dringend abr\u00e4tst<\/li>\n<li>betreibst selbst einen Blog zum Thema Bewerbung\/Berufsalltag<\/li>\n<\/ul>\n<p>und m\u00f6chtest deine Erfahrungen gern mit unseren Lesern teilen?<\/p>\n<p>Sende uns einfach eine Mail mit Themenvorschlag und kurzer Inhaltsbeschreibung an: <a href=\"mailto:kontakt@bewerberblog.de\">kontakt@bewerberblog.de<\/a>.<\/p>\n<p>In der Themenwahl geben wir keine gro\u00dfe Einschr\u00e4nkung. Solange ein Artikel sinnvoll ist und etwas mit Bewerbung und\/oder Arbeitsalltag zu tun, ver\u00f6ffentlichen wir ihn. Sinnvoll ist unserer Meinung nach alles, was f\u00fcr unsere Leser Informationscharakter besitzt, aus mehr als 3 S\u00e4tzen besteht, nicht aus einer PR-Schmiede stammt und nicht zusammenkopiert ist.<\/p>\n<p>Eine eigene Meinung ist erlaubt und erw\u00fcnscht (gern auch provokant), allerdings sollten unsere Leser auch die M\u00f6glichkeit haben, sich selbst eine Meinung bilden zu k\u00f6nnen. Hintergrundinformationen und Fakten sollten deshalb von der Meinung des Autors getrennt erkennbar\/entsprechend gekennzeichnet sein.<\/p>\n<p>Gern ver\u00f6ffentlichen wir auch Artikel mit Verlinkungen. N\u00fctzliche Links sind das Schmiermittel des Internets und daher gern gesehen. Aber auch hier steht immer der Mehrwert f\u00fcr unsere Leser im Fokus und nicht die Werbung in eigener Sache. Konkrete Details f\u00fcr Artikelkooperationen auf <a href=\"mailto:kontakt@bewerberblog.de\">Anfrage<\/a>.<\/p>\n<h2 style=\"font-size: 24px;\">Formales:<\/h2>\n<ul>\n<li>Artikell\u00e4nge: mind. 300, max. 900 W\u00f6rter (mind. \u00be Seite reiner Text in Word, max. 2 Seiten)<\/li>\n<li>Bildmaterial (muss nicht, kann aber mit eingereicht werden): 800 x 500 px (Breite x H\u00f6he)<\/li>\n<li>Quelle\/Urheberrecht beachten und angeben<\/li>\n<\/ul>\n<p>Eigentlich gar nicht so schwer, oder? \ud83d\ude42 Wir freuen uns auf eure Anfragen.<\/p>\n","protected":false},"excerpt":{"rendered":"<p>Wie werde ich Gastautor f\u00fcr den Bewerberblog? Um unsere Inhalte abwechslungsreich zu gestalten, lassen wir gern auch andere Autoren zu Wort kommen. Du hast: vielf\u00e4ltige Erfahrungen positiver oder negativer Art im Bewerbungsprozess gesammelt, ein neues Tool oder eine Plattform f\u00fcr deine Bewerbung\/Jobsuche genutzt, die du unbedingt weiterempfehlen m\u00f6chtest oder von deren Nutzung du dringend abr\u00e4tst [&hellip;]<\/p>\n","protected":false},"author":38,"featured_media":0,"parent":0,"menu_order":0,"comment_status":"closed","ping_status":"open","template":"","meta":{"footnotes":""},"_links":{"self":[{"href":"https:\/\/towerconsult.de\/bewerberblog\/wp-json\/wp\/v2\/pages\/16106"}],"collection":[{"href":"https:\/\/towerconsult.de\/bewerberblog\/wp-json\/wp\/v2\/pages"}],"about":[{"href":"https:\/\/towerconsult.de\/bewerberblog\/wp-json\/wp\/v2\/types\/page"}],"author":[{"embeddable":true,"href":"https:\/\/towerconsult.de\/bewerberblog\/wp-json\/wp\/v2\/users\/38"}],"replies":[{"embeddable":true,"href":"https:\/\/towerconsult.de\/bewerberblog\/wp-json\/wp\/v2\/comments?post=16106"}],"version-history":[{"count":0,"href":"https:\/\/towerconsult.de\/bewerberblog\/wp-json\/wp\/v2\/pages\/16106\/revisions"}],"wp:attachment":[{"href":"https:\/\/towerconsult.de\/bewerberblog\/wp-json\/wp\/v2\/media?parent=16106"}],"curies":[{"name":"wp","href":"https:\/\/api.w.org\/{rel}","templated":true}]}}