{"id":9735,"date":"2015-02-16T13:01:43","date_gmt":"2015-02-16T13:01:43","guid":{"rendered":"http:\/\/www.towerconsult.de\/bewerberblog\/?page_id=9735"},"modified":"2020-02-03T13:48:17","modified_gmt":"2020-02-03T12:48:17","slug":"kontakt","status":"publish","type":"page","link":"https:\/\/towerconsult.de\/bewerberblog\/kontakt\/","title":{"rendered":"Kontakt"},"content":{"rendered":"<div class=\"entry_main\">\n<p>Wir freuen uns \u00fcber Feedback jeder Art: Lob, Kritik, Themenvorschl\u00e4ge, Gastautorenbeitr\u00e4ge, Fragen, Hinweise und so weiter. Auf E-Mails versuchen wir so schnell wie m\u00f6glich zu antworten.<\/p>\n<p>Wir haben die Weisheit nicht gepachtet und sind deshalb dankbar f\u00fcr Statements anderer Personaler und Bewerber. Wenn du also etwas thematisieren oder diskutieren m\u00f6chtest, kannst du dich gern bei uns als Gastautor melden. In diesem Fall freuen wir uns \u00fcber deine Mail an <a href=\"mailto:kontakt@bewerberblog.de\">kontakt@bewerberblog.de<\/a>.<\/p>\n<\/div>\n","protected":false},"excerpt":{"rendered":"<p>Wir freuen uns \u00fcber Feedback jeder Art: Lob, Kritik, Themenvorschl\u00e4ge, Gastautorenbeitr\u00e4ge, Fragen, Hinweise und so weiter. Auf E-Mails versuchen wir so schnell wie m\u00f6glich zu antworten. Wir haben die Weisheit nicht gepachtet und sind deshalb dankbar f\u00fcr Statements anderer Personaler und Bewerber. Wenn du also etwas thematisieren oder diskutieren m\u00f6chtest, kannst du dich gern bei [&hellip;]<\/p>\n","protected":false},"author":1,"featured_media":0,"parent":0,"menu_order":0,"comment_status":"closed","ping_status":"closed","template":"","meta":{"footnotes":""},"_links":{"self":[{"href":"https:\/\/towerconsult.de\/bewerberblog\/wp-json\/wp\/v2\/pages\/9735"}],"collection":[{"href":"https:\/\/towerconsult.de\/bewerberblog\/wp-json\/wp\/v2\/pages"}],"about":[{"href":"https:\/\/towerconsult.de\/bewerberblog\/wp-json\/wp\/v2\/types\/page"}],"author":[{"embeddable":true,"href":"https:\/\/towerconsult.de\/bewerberblog\/wp-json\/wp\/v2\/users\/1"}],"replies":[{"embeddable":true,"href":"https:\/\/towerconsult.de\/bewerberblog\/wp-json\/wp\/v2\/comments?post=9735"}],"version-history":[{"count":0,"href":"https:\/\/towerconsult.de\/bewerberblog\/wp-json\/wp\/v2\/pages\/9735\/revisions"}],"wp:attachment":[{"href":"https:\/\/towerconsult.de\/bewerberblog\/wp-json\/wp\/v2\/media?parent=9735"}],"curies":[{"name":"wp","href":"https:\/\/api.w.org\/{rel}","templated":true}]}}